{"id":2661,"date":"2014-09-24T11:55:00","date_gmt":"2014-09-24T11:55:00","guid":{"rendered":"http:\/\/cloudit.ba\/?page_id=2661"},"modified":"2014-09-29T21:10:00","modified_gmt":"2014-09-29T21:10:00","slug":"indoc-bpm","status":"publish","type":"page","link":"https:\/\/cloudit.ba\/?page_id=2661","title":{"rendered":"InDoc BPM"},"content":{"rendered":"<div class=\"container\" style=\"font-family:Arial;\">\n<div class=\"row-fluid\">\n<!-- kolona 1 --><\/p>\n<div class=\"span4\">\n<p align=\"justify\">Napredna platforma za izradu procesno zasnovanih poslovnih aplikacija<\/p>\n<p align=\"justify\">InDocBPM je napredna platforma za kreiranje i izvo\u0111enje procesno zasnovanih poslovnih aplikacija. Omogu\u0107ava brz i jednostavan prijelaz u bezpapirno poslovanje, a ujedno predstavlja rje\u0161enje koje vam omogu\u0107ava prevladati izazove povezane s obuhvatom, upravljanjem i dugoro\u010dnom pohranom poslovnih dokumenata.<\/p>\n<p align=\"justify\">Platforma obuhva\u0107a vi\u0161e tehnologija i alata, koji me\u0111usobno povezani omogu\u0107avaju zaokru\u017een sklop funkcionalnosti:<\/p>\n<ul>\n<li>Obuhvat dokumenata \u2013 funkcionalnost omogu\u0107ava pretvorbu fizi\u010dkih dokumenata u digitalni format.<\/li>\n<li>Upravljanje dokumentima i web sadr\u017eajima \u2013 funkcionalnost omogu\u0107ava upravljanje digitalno stvorenim dokumentima.<\/li>\n<li>Upravljanje poslovnim procesima \u2013 funkcionalnost omogu\u0107ava usmjeravanje dokumenata i automatizaciju poslovnih procesa. Omogu\u0107ava nam stvaranje, usmjeravanje, slije\u0111enje i upravljanje procesnim informacijama.<\/li>\n<li>Arhiviranje dokumenata \u2013 funkcionalnost omogu\u0107ava dugoro\u010dnu pohranu elektronskih dokumenata i sadr\u017eaja.<\/li>\n<\/ul>\n<\/div>\n<p><!-- kolona 2--><\/p>\n<div class=\"span4\">\n<h3>Korisni\u010dki portal<\/h3>\n<p align=\"justify\">Sr\u017e (osnova) platforme je korisni\u010dki portal, koji predstavlja \u201esredi\u0161nju\u201c(osnovnu) aplikaciju za rad s elektronskim dokumentima. Odnosi se na mre\u017eni korisni\u010dki server, do kojeg korisnici pristupaju kroz razli\u010dite na\u010dine prijave ( korisni\u010dko ime i lozinka, digitalni certifikat ili aktivni imenik).<\/p>\n<p align=\"justify\">Na korisni\u010dkom portalu korisnici imaju pregled nad svim otvorenim poslovima, izdanim zahtjevima i statusima procesa u kojima sudjeluju. U skladu s dodijeljenim ulogama mogu stvarati razli\u010dite dokumente i pokretati Procese.<\/p>\n<h3>Administracija sistema<\/h3>\n<p align=\"justify\">Upravljanje korisni\u010dkim ulogama i pravima provodi se u administracijskom modulu. To omogu\u0107ava napredno upravljanje parametara sistema u organizacijskim jedinicama, tro\u0161kovnim mjestima, skupina korisnika i kod aktivacije novih poslovnih procesa.<\/p>\n<h3>Obuhvat dokumenata<\/h3>\n<p align=\"justify\">Obuhvat papirnatih dokumenata provodi se neposredno u korisni\u010dkom portalu uz pomo\u0107 modula WebScan ili pomo\u0107u programske opreme Kofax. U oba slu\u010daja elektronski dokumenti i pripadaju\u0107i meta podaci predstavljaju ulaz u razli\u010dite poslovne procese.<\/p>\n<p align=\"justify\">Dokumente, koji odma nastaju u elektronskom obliku, obuhva\u0107amo na mjestu ulaska u organizaciju, te ih posredujemo u odgovaraju\u0107i poslovni proces s obzirom na njihov sadr\u017eaj. Rje\u0161enje omogu\u0107ava \u010ditanje e-ra\u010duna (format e-slog), integraciju s upraviteljem datoteka (File Explorer) kao i upravitelja elektronske po\u0161te (MS Outlook).<\/p>\n<\/div>\n<p><!-- kolona 3 --><\/p>\n<div class=\"span4\">\n<h3>Upravljanje dokumentima i sadr\u017eajima<\/h3>\n<p align=\"justify\">Modul za upravljanje dokumentima omogu\u0107ava upravljanje dokumentima u elektronskom obliku. Omogu\u0107en je grupni rad s dokumentima, verzioniranje i sljedljivost dokumenata. Elektronsko stvarane dokumenata lako \u0161aljemo u izabrani poslovni proces na daljinu.<\/p>\n<h3>Upravljanje poslovnim procesima<\/h3>\n<p align=\"justify\">Procesiranje zaprimljenih dokumenata i njihovo usmjeravanje kroz poslovne procese provodi se uz pomo\u0107 procesnog alata Skelta BPM.NET, koji je sastavni dio platforme.<\/p>\n<p align=\"justify\">Procesni alati omogu\u0107avaju kreiranje poslovnih procesa, u skladu s poslovnim pravilima koji vrijede u pojedinoj organizaciji. Procesni alati omogu\u0107avaju automatizaciju poslovnih procesa kao i jednostavno upravljanje promjena u procesu.<\/p>\n<h3>Arhiviranje dokumenata<\/h3>\n<p align=\"justify\">Na kraju svakoga procesa potrebno je osigurati sigurnu pohranu dokumenata i prate\u0107ih podataka u skladu poslovnim i zakonodavnim zahtjevima. Elektronska pohrana mora biti sastavni dio procesnih aplikacija, te je zato platforma InDoc BPM tijesno povezana sa sistemom InDoc RMS, koji omogu\u0107ava sigurno, dugoro\u010dno \u010duvanje svih elektronskih dokumenata<\/p>\n<\/div>\n<\/div>\n<\/div>\n","protected":false},"excerpt":{"rendered":"<p>Napredna platforma za izradu procesno zasnovanih poslovnih aplikacija InDocBPM je napredna platforma za kreiranje i izvo\u0111enje procesno zasnovanih poslovnih aplikacija. Omogu\u0107ava brz i jednostavan prijelaz u bezpapirno poslovanje, a ujedno predstavlja rje\u0161enje koje vam omogu\u0107ava prevladati izazove povezane s obuhvatom, upravljanjem i dugoro\u010dnom pohranom poslovnih dokumenata. Platforma obuhva\u0107a vi\u0161e tehnologija i alata, koji me\u0111usobno povezani<\/p>\n","protected":false},"author":1,"featured_media":0,"parent":0,"menu_order":0,"comment_status":"open","ping_status":"open","template":"","meta":[],"_links":{"self":[{"href":"https:\/\/cloudit.ba\/index.php?rest_route=\/wp\/v2\/pages\/2661"}],"collection":[{"href":"https:\/\/cloudit.ba\/index.php?rest_route=\/wp\/v2\/pages"}],"about":[{"href":"https:\/\/cloudit.ba\/index.php?rest_route=\/wp\/v2\/types\/page"}],"author":[{"embeddable":true,"href":"https:\/\/cloudit.ba\/index.php?rest_route=\/wp\/v2\/users\/1"}],"replies":[{"embeddable":true,"href":"https:\/\/cloudit.ba\/index.php?rest_route=%2Fwp%2Fv2%2Fcomments&post=2661"}],"version-history":[{"count":4,"href":"https:\/\/cloudit.ba\/index.php?rest_route=\/wp\/v2\/pages\/2661\/revisions"}],"predecessor-version":[{"id":2784,"href":"https:\/\/cloudit.ba\/index.php?rest_route=\/wp\/v2\/pages\/2661\/revisions\/2784"}],"wp:attachment":[{"href":"https:\/\/cloudit.ba\/index.php?rest_route=%2Fwp%2Fv2%2Fmedia&parent=2661"}],"curies":[{"name":"wp","href":"https:\/\/api.w.org\/{rel}","templated":true}]}}