{"id":2665,"date":"2014-09-24T13:56:24","date_gmt":"2014-09-24T13:56:24","guid":{"rendered":"http:\/\/cloudit.ba\/?page_id=2665"},"modified":"2015-07-15T10:19:51","modified_gmt":"2015-07-15T10:19:51","slug":"bezpapira-biz","status":"publish","type":"page","link":"https:\/\/cloudit.ba\/?page_id=2665","title":{"rendered":"Bezpapira.biz"},"content":{"rendered":"<div class=\"container\" style=\"font-family:Arial;\">\n<div class=\"row-fluid\">\n<p><!-- kolona 1 --><\/p>\n<div class=\"span4\">\n<p align=\"justify\">Bezpapira.biz je informacijsko rje\u0161enje za podporu bezpapirnom poslovanju razvijeno od strane na\u0161eg partnera kompanije Mikrocop. Dostupno je kao usluga u oblaku i u mnogim organizacijama ve\u0107 predstavlja centralni sistem bezpapirnog poslovanja.<\/p>\n<p align=\"justify\">Bezpapira.biz va\u0161 \u00bbpapirnati\u00ab na\u010din poslovanja mijenja tako da ru\u010dno upravljanje papirnatim dokumentima nadomje\u0161ta ra\u010dunarsko podr\u017eanim poslovnim procesima.<\/p>\n<p align=\"justify\">Ukoliko papirno poslovanje osje\u0107ate kao breme i slijede\u0107e osobine vrijede i za va\u0161u organizaciju, do\u0161lo je vrijeme za prelazak na bezpapirno poslovanje:<\/p>\n<ul>\n<li>U organizaciji se izvodi ve\u0107i broj ponavljaju\u0107ih poslovnih aktivnosti (doga\u0111aja).<\/li>\n<li>U poslovnim procesima sudjeluju zaposleni iz razli\u010dnih organizacijskih jedinica i razli\u010diti informacijski sistemi.<\/li>\n<li>U poslovnim procesima sudjeluju zaposleni, koji se nalaze na razli\u010dnim lokacijama (dislocirane poslovne jedinice).<\/li>\n<li>Nad poslovnim procesima \u017eelite imati pregled u realnom vremenu (koji se procesi izvode, u kakvom su stanju).<\/li>\n<li>Poslovne procese \u017eelite izvoditi brzo, pouzdano i precizno.<\/li>\n<\/ul>\n<p align=\"justify\">Poslovni dokumenti su gorivo poslovanja. Ukoliko njima odgovaraju\u0107e upravljamo mo\u017eemo zna\u010dajno pove\u0107ati u\u010dinkovitost poslovnih procesa i iskoristivost raspolo\u017eivih izvora. Osiguravamo tako\u0111er ve\u0107u sigurnost i konkurentnost poslovanja.<\/p>\n<\/div>\n<p><!-- kolona 2--><\/p>\n<div class=\"span4\">\n<p align=\"justify\">Upotrebom rje\u0161enja Bezpapira.biz organizacija postane elasti\u010dnija, prilagodljivija i sigurnija. Bezpapira.biz vam poma\u017ee modernizirati poslovanje, automatizirati procese i unaprijediti saradnju.<\/p>\n<p align=\"justify\">Svaki dokument u organizaciji na taj na\u010din najbr\u017ee putuje kroz sve faze poslovnog procesa, a po zavr\u0161etku svog puta se sigurno pohrani u arhivskom sistemu Arhiviraj.si.<\/p>\n<p align=\"justify\">Prednost sistema Bezpapira.biz je tako\u0111er u tome da ga je mogu\u0107e jednostavno povezati i s drugim informacijskim sistemima u pojedinoj organizaciji.<\/p>\n<p align=\"justify\">Sistem Bezpapira.biz korisnicima je dostupan kao informacijska usluga u oblaku. To zna\u010di da Mikrocop omogu\u0107ava sva potrebna programska rje\u0161enja i mo\u0107nu informacijsku strukturu za elektronsko izvo\u0111enje poslovnih procesa, a ovla\u0161teni korisnici sistema pristupaju putem sigurnih mre\u017enih veza.<\/p>\n<p align=\"justify\">Uvo\u0111enje rje\u0161enja je brzo i ne predstavlja velike po\u010detne tro\u0161kove, te je zbog toga primjereno i za mala i srednja preduze\u0107a.<\/p>\n<p align=\"justify\">Ukoliko preduze\u0107e ima jasno definirana organizacijska i poslovna pravila, informatizacija procesa je brza i jednostavna. Preduze\u0107e mo\u017ee s bezpapirnim poslovanjem zapo\u010deti ve\u0107 za nekoliko dana.<\/p>\n<\/div>\n<p><!-- kolona 3 --><\/p>\n<div class=\"span4\">\n<h3>Kojim procesima mo\u017eemo upravljati bezpapirno?<\/h3>\n<p align=\"justify\">Rje\u0161enjima Bezpapira.biz mo\u017eemo automatizirati bilo koji poslovni proces. Smisleno je po\u010deti s procesom u kojem u\u010dinkovitijim upravljanjem brzo posti\u017eemo bitne u\u0161tede, kao na primjer:<\/p>\n<ul>\n<li>nabavni proces<\/li>\n<li>likvidacija ulaznih ra\u010duna<\/li>\n<li>ugovaranje\/prekid radnog odnosa<\/li>\n<li>autorizacija ugovora<\/li>\n<li>odobrenja odsutnosti s posla (godi\u0161nji odmori, izostanci\u2026)<\/li>\n<li>putni nalozi<\/li>\n<li>ulazna po\u0161ta<\/li>\n<li>ugovaranje pretplatni\u010dkog odnosa<\/li>\n<li>promjena naru\u010diteljevih podataka<\/li>\n<li>upravljanje reklamacijama<\/li>\n<li>odobravanje kredita<\/li>\n<li>upravljanje sigurnosnim incidentima<\/li>\n<li>odluke uprave<\/li>\n<\/ul>\n<h3>Tehni\u010dki uvjeti za optimalno djelovanje usluga Bezpapira.biz<\/h3>\n<p align=\"justify\">Za optimalno djelovanje usluga Bezpapira.biz korisnici moraju imati na radnim stanicama, s kojih pristupaju uslugama Bezpapira.biz, instaliranu slijede\u0107u programsku opremu:<\/p>\n<ul>\n<li>Microsoft Windows Vista ili noviji,<\/li>\n<li>Internet Explorer 8.0 ili noviji,<\/li>\n<li>InDoc Viewer v3 ili noviji.<\/li>\n<\/ul>\n<\/div>\n<\/div>\n<\/div>\n","protected":false},"excerpt":{"rendered":"<p>Bezpapira.biz je informacijsko rje\u0161enje za podporu bezpapirnom poslovanju razvijeno od strane na\u0161eg partnera kompanije Mikrocop. Dostupno je kao usluga u oblaku i u mnogim organizacijama ve\u0107 predstavlja centralni sistem bezpapirnog poslovanja. Bezpapira.biz va\u0161 \u00bbpapirnati\u00ab na\u010din poslovanja mijenja tako da ru\u010dno upravljanje papirnatim dokumentima nadomje\u0161ta ra\u010dunarsko podr\u017eanim poslovnim procesima. Ukoliko papirno poslovanje osje\u0107ate kao breme i<\/p>\n","protected":false},"author":1,"featured_media":0,"parent":0,"menu_order":0,"comment_status":"open","ping_status":"open","template":"","meta":[],"_links":{"self":[{"href":"https:\/\/cloudit.ba\/index.php?rest_route=\/wp\/v2\/pages\/2665"}],"collection":[{"href":"https:\/\/cloudit.ba\/index.php?rest_route=\/wp\/v2\/pages"}],"about":[{"href":"https:\/\/cloudit.ba\/index.php?rest_route=\/wp\/v2\/types\/page"}],"author":[{"embeddable":true,"href":"https:\/\/cloudit.ba\/index.php?rest_route=\/wp\/v2\/users\/1"}],"replies":[{"embeddable":true,"href":"https:\/\/cloudit.ba\/index.php?rest_route=%2Fwp%2Fv2%2Fcomments&post=2665"}],"version-history":[{"count":12,"href":"https:\/\/cloudit.ba\/index.php?rest_route=\/wp\/v2\/pages\/2665\/revisions"}],"predecessor-version":[{"id":2739,"href":"https:\/\/cloudit.ba\/index.php?rest_route=\/wp\/v2\/pages\/2665\/revisions\/2739"}],"wp:attachment":[{"href":"https:\/\/cloudit.ba\/index.php?rest_route=%2Fwp%2Fv2%2Fmedia&parent=2665"}],"curies":[{"name":"wp","href":"https:\/\/api.w.org\/{rel}","templated":true}]}}