{"id":2676,"date":"2014-09-24T14:32:39","date_gmt":"2014-09-24T14:32:39","guid":{"rendered":"http:\/\/cloudit.ba\/?page_id=2676"},"modified":"2014-09-29T21:12:10","modified_gmt":"2014-09-29T21:12:10","slug":"skeneri-i-mikrofilmska-oprema","status":"publish","type":"page","link":"https:\/\/cloudit.ba\/?page_id=2676","title":{"rendered":"Skeneri i mikrofilmska oprema"},"content":{"rendered":"<div class=\"container\" style=\"font-family:Arial;\">\n<div class=\"row-fluid\">\n<!-- kolona 1 --><\/p>\n<div class=\"span4\">\n<p align=\"justify\">Mikrocop omogu\u0107ava \u0161iroku ponudu strojne i programske opreme za obuhvat dokumenata.<\/p>\n<p align=\"justify\">Specijalizirani smo za nabavu, implementaciju i odr\u017eavanje opreme priznatog proizvo\u0111a\u010da Kodak Alaris.<\/p>\n<p align=\"justify\">Kao \u00bbValue Added Reseller\u00ab (VAR) omogu\u0107avamo razvoj i implementaciju specifi\u010dnih aplikacija, integraciju rje\u0161enja, savjetovanje kao i \u0161kolovanje korisnika<\/p>\n<p align=\"justify\">Iz \u0161iroke palete Kodak skenera poma\u017eemo vam izabrati najbolji odgovor za va\u0161e potrebe.<\/p>\n<\/div>\n<p><!-- kolona 2--><\/p>\n<div class=\"span4\">\n<h3>Skeneri za uredsko poslovanje<\/h3>\n<p align=\"justify\">Manji skeneri namijenjeni su za uredsko poslovanje jer omogu\u0107avaju jednostavnu instalaciju i zauzimaju malu povr\u0161inu na radnoj povr\u0161ini. Preporu\u010deni dnevni volumen skeniranje je do 1.500 stranica, a brzina skeniranja je u prosjeku oko 30 listova u minuti. Skeniranje se obavlja uz pomo\u0107 automatsko uvlaka\u010da dokumenata a omogu\u0107eno je i plo\u0161no skeniranje dokumenata do veli\u010dine A4.<\/p>\n<h3>Odjelni skeneri<\/h3>\n<p align=\"justify\">Kori\u0161tenje odjelnih skenera preporu\u010damo u ve\u0107im prijemnim kancelarijama kao i kod rje\u0161avanja automatiziranog obuhvata podataka sa dokumenata. Dnevni preporu\u010deni kapacitet skenera je od 3.000 do 7.500 dokumenata dnevno, a prosje\u010dna brzina skeniranja od 40 do 80 listova u minuti, ovisno o izabranom modelu. Odjelni skeneri omogu\u0107uju skeniranje uz pomo\u0107 automatskog uvlaka\u010da dokumenata, a omogu\u0107eno je i plo\u0161no skeniranje dokumenata do veli\u010dine A3.<\/p>\n<\/div>\n<p><!-- kolona 3 --><\/p>\n<div class=\"span4\">\n<h3>Produkcijski skeneri<\/h3>\n<p align=\"justify\">Produkcijski skeneri namijenjeni su uslu\u017enim centrima i rje\u0161enjima za obuhvat podataka. Omogu\u0107avaju nam napredne sigurnosne mehanizme za nadzor pravilnosti prolaza dokumenta kroz skener, te napredne procesne alate za pobolj\u0161anje kvalitete skeniranih slika. Dnevni kapacitet tih skenera je preko 10.000 dokumenata, brzina skeniranja je vi\u0161e od 60 listova minuti. Produkcijski skeneri omogu\u0107avaju skeniranje uz automatski uvlaka\u010d dokumenata do formata A3.<\/p>\n<h3>Mikrofilmska oprema<\/h3>\n<p align=\"justify\">Na\u0161a ponuda nudi \u0161iroki izbor mikrofilmske opreme vode\u0107ih svjetskih proizvo\u0111a\u010da. U \u0161irokoj paleti proizvoda, na temelju va\u0161ih zahtjeva izabiremo model koji najvi\u0161e odgovara va\u0161im potrebama.<\/p>\n<\/div>\n<\/div>\n<\/div>\n","protected":false},"excerpt":{"rendered":"<p>Mikrocop omogu\u0107ava \u0161iroku ponudu strojne i programske opreme za obuhvat dokumenata. Specijalizirani smo za nabavu, implementaciju i odr\u017eavanje opreme priznatog proizvo\u0111a\u010da Kodak Alaris. Kao \u00bbValue Added Reseller\u00ab (VAR) omogu\u0107avamo razvoj i implementaciju specifi\u010dnih aplikacija, integraciju rje\u0161enja, savjetovanje kao i \u0161kolovanje korisnika Iz \u0161iroke palete Kodak skenera poma\u017eemo vam izabrati najbolji odgovor za va\u0161e potrebe. Skeneri<\/p>\n","protected":false},"author":1,"featured_media":0,"parent":0,"menu_order":0,"comment_status":"open","ping_status":"open","template":"","meta":[],"_links":{"self":[{"href":"https:\/\/cloudit.ba\/index.php?rest_route=\/wp\/v2\/pages\/2676"}],"collection":[{"href":"https:\/\/cloudit.ba\/index.php?rest_route=\/wp\/v2\/pages"}],"about":[{"href":"https:\/\/cloudit.ba\/index.php?rest_route=\/wp\/v2\/types\/page"}],"author":[{"embeddable":true,"href":"https:\/\/cloudit.ba\/index.php?rest_route=\/wp\/v2\/users\/1"}],"replies":[{"embeddable":true,"href":"https:\/\/cloudit.ba\/index.php?rest_route=%2Fwp%2Fv2%2Fcomments&post=2676"}],"version-history":[{"count":3,"href":"https:\/\/cloudit.ba\/index.php?rest_route=\/wp\/v2\/pages\/2676\/revisions"}],"predecessor-version":[{"id":2733,"href":"https:\/\/cloudit.ba\/index.php?rest_route=\/wp\/v2\/pages\/2676\/revisions\/2733"}],"wp:attachment":[{"href":"https:\/\/cloudit.ba\/index.php?rest_route=%2Fwp%2Fv2%2Fmedia&parent=2676"}],"curies":[{"name":"wp","href":"https:\/\/api.w.org\/{rel}","templated":true}]}}