{"id":2679,"date":"2014-09-24T14:39:43","date_gmt":"2014-09-24T14:39:43","guid":{"rendered":"http:\/\/cloudit.ba\/?page_id=2679"},"modified":"2014-09-29T21:12:58","modified_gmt":"2014-09-29T21:12:58","slug":"potpisne-plocice","status":"publish","type":"page","link":"https:\/\/cloudit.ba\/?page_id=2679","title":{"rendered":"Potpisne plo\u010dice"},"content":{"rendered":"<div class=\"container\" style=\"font-family:Arial;\">\n<div class=\"row-fluid\">\n<!-- kolona 1 --><\/p>\n<div class=\"span4\">\n<p align=\"justify\">Potpisne plo\u010dice signotec omogu\u0107uje elektronski obuhvat potpisa preko plo\u010dica. Upotrebom plo\u010dice i olovke signotec, korisnik se potpisuje uobi\u010dajeno, a potpis se zaprima i sprema u elektronskom obliku i doda na elektronski dokument.<\/p>\n<p align=\"justify\">Upotrebom potpisnih plo\u010dica osiguravamo bezpapirno poslovanje u procesu potvr\u0111ivanja dokumenata koji nastaju na razli\u010ditim prodajnim mjestima; kao sklapanje razli\u010ditih pretplata, potvr\u0111ivanje bankarskih, finansijskih, osiguravaju\u0107ih ili upravnih usluga, potvr\u0111ivanje pristupa u razli\u010dita \u010dlanstva klubova, knji\u017enica ili drugih organizacija.<\/p>\n<\/div>\n<p><!-- kolona 2--><\/p>\n<div class=\"span4\">\n<p align=\"justify\">Potpisne plo\u010dice signotec omogu\u0107uju brzu i jednostavnu implementaciju kao i povezivanje s razli\u010ditim sistemima podr\u0161ke bezpapirnom poslovanju. Mogu\u0107nost upotrebe je izuzetno \u0161iroka.<\/p>\n<\/div>\n<p><!-- kolona 3 --><\/p>\n<div class=\"span4\">\n<h3>Primjer iz prakse<\/h3>\n<p align=\"justify\"><i><b>Bezpapirni pristup investicijskoj \u0161tednji<\/b><\/i><\/p>\n<p align=\"justify\">U dru\u0161tvu ALTA Skladi uspostavili su bezpapirno poslovanje, kojim ulaga\u010dima olak\u0161avaju investicijsku \u0161tednju, istovremeno pove\u0107avaju\u0107i u\u010dinkovitost poslovanja.<\/p>\n<\/div>\n<\/div>\n<\/div>\n","protected":false},"excerpt":{"rendered":"<p>Potpisne plo\u010dice signotec omogu\u0107uje elektronski obuhvat potpisa preko plo\u010dica. Upotrebom plo\u010dice i olovke signotec, korisnik se potpisuje uobi\u010dajeno, a potpis se zaprima i sprema u elektronskom obliku i doda na elektronski dokument. Upotrebom potpisnih plo\u010dica osiguravamo bezpapirno poslovanje u procesu potvr\u0111ivanja dokumenata koji nastaju na razli\u010ditim prodajnim mjestima; kao sklapanje razli\u010ditih pretplata, potvr\u0111ivanje bankarskih, finansijskih,<\/p>\n","protected":false},"author":1,"featured_media":0,"parent":0,"menu_order":0,"comment_status":"open","ping_status":"open","template":"","meta":[],"_links":{"self":[{"href":"https:\/\/cloudit.ba\/index.php?rest_route=\/wp\/v2\/pages\/2679"}],"collection":[{"href":"https:\/\/cloudit.ba\/index.php?rest_route=\/wp\/v2\/pages"}],"about":[{"href":"https:\/\/cloudit.ba\/index.php?rest_route=\/wp\/v2\/types\/page"}],"author":[{"embeddable":true,"href":"https:\/\/cloudit.ba\/index.php?rest_route=\/wp\/v2\/users\/1"}],"replies":[{"embeddable":true,"href":"https:\/\/cloudit.ba\/index.php?rest_route=%2Fwp%2Fv2%2Fcomments&post=2679"}],"version-history":[{"count":4,"href":"https:\/\/cloudit.ba\/index.php?rest_route=\/wp\/v2\/pages\/2679\/revisions"}],"predecessor-version":[{"id":2734,"href":"https:\/\/cloudit.ba\/index.php?rest_route=\/wp\/v2\/pages\/2679\/revisions\/2734"}],"wp:attachment":[{"href":"https:\/\/cloudit.ba\/index.php?rest_route=%2Fwp%2Fv2%2Fmedia&parent=2679"}],"curies":[{"name":"wp","href":"https:\/\/api.w.org\/{rel}","templated":true}]}}